{"id":883,"date":"2021-07-19T18:30:04","date_gmt":"2021-07-19T16:30:04","guid":{"rendered":"https:\/\/pqsense.pl\/?page_id=883"},"modified":"2021-07-22T09:45:17","modified_gmt":"2021-07-22T07:45:17","slug":"aplikace-monitorovaci-technologie-rfid-cz","status":"publish","type":"page","link":"https:\/\/pqsense.eu\/?page_id=883&lang=cs","title":{"rendered":"Aplikace monitorovac\u00ed technologie RFID"},"content":{"rendered":"<!-- wp:themify-builder\/canvas \/-->","protected":false},"excerpt":{"rendered":"","protected":false},"author":1,"featured_media":0,"parent":0,"menu_order":0,"comment_status":"closed","ping_status":"closed","template":"","meta":{"footnotes":""},"class_list":["post-883","page","type-page","status-publish","hentry","has-post-title","has-post-date","has-post-category","has-post-tag","has-post-comment","has-post-author",""],"builder_content":"<h3>Monitorov\u00e1n\u00ed elektrick\u00e9ho rozvad\u011b\u010de<\/h3>[gallery ids=\"594,593,595,596,597,598,599,608,600,601\"]\n<h3>Monitorov\u00e1n\u00ed RMU (1)<\/h3>[gallery ids=\"621,622,623,624,625,626,627\"]\n<h3>Monitorov\u00e1n\u00ed RMU (2)<\/h3>[gallery ids=\"630,631,632,633,634,635,636,637,638,639\"]\n<h3>Monitorov\u00e1n\u00ed transform\u00e1toru (1)<\/h3>[gallery ids=\"645,646,647,648,649,650\"]\n<h3>Monitorov\u00e1n\u00ed transform\u00e1toru (2)<\/h3>[gallery ids=\"652,653,654,655,656,657,658,659\"]\n<h3>Monitorov\u00e1n\u00ed p\u00f3lov\u00e9ho transform\u00e1toru<\/h3>[gallery ids=\"652,653,654,655,656,657,658,659\"]\n<h3>Monitorov\u00e1n\u00ed p\u00f3lov\u00e9ho transform\u00e1toru<\/h3>[gallery ids=\"661,662,663,664,665,666,667\"]\n<h3>Instalace n\u00edzk\u00e9ho nap\u011bt\u00ed<\/h3>[gallery ids=\"668,669,670,671,672,673,674\"]","_links":{"self":[{"href":"https:\/\/pqsense.eu\/index.php?rest_route=\/wp\/v2\/pages\/883","targetHints":{"allow":["GET"]}}],"collection":[{"href":"https:\/\/pqsense.eu\/index.php?rest_route=\/wp\/v2\/pages"}],"about":[{"href":"https:\/\/pqsense.eu\/index.php?rest_route=\/wp\/v2\/types\/page"}],"author":[{"embeddable":true,"href":"https:\/\/pqsense.eu\/index.php?rest_route=\/wp\/v2\/users\/1"}],"replies":[{"embeddable":true,"href":"https:\/\/pqsense.eu\/index.php?rest_route=%2Fwp%2Fv2%2Fcomments&post=883"}],"version-history":[{"count":11,"href":"https:\/\/pqsense.eu\/index.php?rest_route=\/wp\/v2\/pages\/883\/revisions"}],"predecessor-version":[{"id":937,"href":"https:\/\/pqsense.eu\/index.php?rest_route=\/wp\/v2\/pages\/883\/revisions\/937"}],"wp:attachment":[{"href":"https:\/\/pqsense.eu\/index.php?rest_route=%2Fwp%2Fv2%2Fmedia&parent=883"}],"curies":[{"name":"wp","href":"https:\/\/api.w.org\/{rel}","templated":true}]}}