{"id":870,"date":"2021-07-19T18:24:58","date_gmt":"2021-07-19T16:24:58","guid":{"rendered":"https:\/\/pqsense.pl\/?page_id=870"},"modified":"2021-07-22T11:30:31","modified_gmt":"2021-07-22T09:30:31","slug":"senzory","status":"publish","type":"page","link":"https:\/\/pqsense.eu\/?page_id=870&lang=cs","title":{"rendered":"Senzory"},"content":{"rendered":"<!-- wp:themify-builder\/canvas \/-->","protected":false},"excerpt":{"rendered":"","protected":false},"author":1,"featured_media":0,"parent":838,"menu_order":0,"comment_status":"closed","ping_status":"closed","template":"","meta":{"footnotes":""},"class_list":["post-870","page","type-page","status-publish","hentry","has-post-title","has-post-date","has-post-category","has-post-tag","has-post-comment","has-post-author",""],"builder_content":"[gallery size=\"medium\" columns=\"4\" ids=\"372,373,376,374,371,370,375\"]\n<table style=\"width: 100%; border-style: dotted; border-color: #ccc;\" border=\"1px\" cellspacing=\"0\" cellpadding=\"10\"> <tbody> <tr style=\"border: 1px solid #cccccc;\"> <td style=\"vertical-align: top; border-style: dotted; border-color: #cccccc; padding: 5px; width: 12.439%;\"> <strong>K\u00f3d v\u00fdrobku<\/strong> <\/td> <td style=\"width: 10.3659%; border-style: dotted; border-color: #cccccc; padding: 5px;\"> <strong>PQS-SR-01<br \/><\/strong> <\/td> <td style=\"width: 15.122%; border-style: dotted; border-color: #cccccc; padding: 5px;\"> <strong>PQS-SR-02<\/strong> <\/td> <td style=\"width: 11.2195%; border-style: dotted; border-color: #cccccc; padding: 5px;\"> <strong>PQS-SR-03<br \/><\/strong> <\/td> <td style=\"width: 9.87805%; border-style: dotted; border-color: #cccccc; padding: 5px;\"> <strong>PQ-SR-04<br \/><\/strong> <\/td> <td style=\"width: 10.7317%; border-style: dotted; border-color: #cccccc; padding: 5px;\"> <strong>PQS-SR-05<\/strong> <\/td> <td style=\"width: 13.1707%; border-style: dotted; border-color: #cccccc; padding: 5px;\"> <strong>PQS-SR-11<\/strong> <\/td> <td style=\"width: 17.0732%; border-style: dotted; border-color: #cccccc; padding: 5px;\"> <strong>PQS-SR-13<\/strong> <\/td> <\/tr> <tr> <td style=\"width: 12.439%; border-style: dotted; border-color: #cccccc; padding: 5px;\"> <strong>Popis<\/strong> <\/td> <td style=\"width: 10.3659%; border-style: dotted; border-color: #cccccc; padding: 5px;\"> Sensor pod \u0161roub <\/td> <td style=\"width: 15.122%; border-style: dotted; border-color: #cccccc; padding: 5px;\"> Sensor kontaktn\u00ed <\/td> <td style=\"width: 11.2195%; border-style: dotted; border-color: #cccccc; padding: 5px;\"> Sensor n\u00e1suvn\u00fd<br \/> <\/td> <td style=\"width: 9.87805%; border-style: dotted; border-color: #cccccc; padding: 5px;\"> \u200bSensor ploch\u00fd s otvorem<br \/> <\/td> <td style=\"width: 10.7317%; border-style: dotted; border-color: #cccccc; padding: 5px;\"> Sensor <br \/>\u200b25 x 25 mm <br \/> <\/td> <td style=\"width: 13.1707%; border-style: dotted; border-color: #cccccc; padding: 5px;\"> Sn\u00edma\u010d v \u0161roubu <\/td> <td style=\"width: 17.0732%; border-style: dotted; border-color: #cccccc; padding: 5px;\"> Implementovan\u00fd w izol\u00e1tor.<br \/>(OEM\u00a0 v\u00fdrobc\u016f zakon\u010den\u00ed p\u0159evod\u016f) <\/td> <\/tr> <tr> <td style=\"width: 12.439%; border-style: dotted; border-color: #cccccc; padding: 5px;\"> <strong>P\u0159esnost<\/strong> <\/td> <td style=\"width: 10.3659%; border-style: dotted; border-color: #cccccc; padding: 5px;\"> \u200b+\/- 2\u00a0\u2103 <\/td> <td style=\"width: 15.122%; border-style: dotted; border-color: #cccccc; padding: 5px;\"> \u200b+\/- 2\u00a0\u2103 <\/td> <td style=\"width: 11.2195%; border-style: dotted; border-color: #cccccc; padding: 5px;\"> \u200b+\/- 2\u00a0\u2103 <\/td> <td style=\"width: 9.87805%; border-style: dotted; border-color: #cccccc; padding: 5px;\"> \u200b+\/- 2\u00a0\u2103 <\/td> <td style=\"width: 10.7317%; border-style: dotted; border-color: #cccccc; padding: 5px;\"> \u200b+\/- 2\u00a0\u2103 <\/td> <td style=\"width: 13.1707%; border-style: dotted; border-color: #cccccc; padding: 5px;\"> \u200b+\/- 2\u00a0\u2103 <\/td> <td style=\"width: 17.0732%; border-style: dotted; border-color: #cccccc; padding: 5px;\"> \u200b\u200b+\/- 2\u00a0\u2103 <\/td> <\/tr> <tr> <td style=\"width: 12.439%; border-style: dotted; border-color: #cccccc; padding: 5px;\"> <strong>Rozm\u011bry<\/strong> <\/td> <td style=\"width: 10.3659%; border-style: dotted; border-color: #cccccc; padding: 5px;\"> 69 x 27 x 23 mm <\/td> <td style=\"width: 15.122%; border-style: dotted; border-color: #cccccc; padding: 5px;\"> 14 x 9 x 4 mm <\/td> <td style=\"width: 11.2195%; border-style: dotted; border-color: #cccccc; padding: 5px;\"> 14 x 9 x 4 mm <\/td> <td style=\"width: 9.87805%; border-style: dotted; border-color: #cccccc; padding: 5px;\"> 47 x 25 x 2 mm <\/td> <td style=\"width: 10.7317%; border-style: dotted; border-color: #cccccc; padding: 5px;\"> 25 x 25 x 4 mm <\/td> <td style=\"width: 13.1707%; border-style: dotted; border-color: #cccccc; padding: 5px;\"> Sensor: 10 x 5 x 3 mm<br \/>\u200bmatice: 20 x 23 x 13 mm (M12) <\/td> <td style=\"width: 17.0732%; border-style: dotted; border-color: #cccccc; padding: 5px;\"> \u200bIdentick\u00e9 jako izol\u00e1toru. <\/td> <\/tr> <tr> <td style=\"width: 12.439%; border-style: dotted; border-color: #cccccc; padding: 5px;\"> <strong>Typ instalace<br \/><\/strong> <\/td> <td style=\"width: 10.3659%; border-style: dotted; border-color: #cccccc; padding: 5px;\"> \u0160roub nebo p\u00e1sek\u00a0 <\/td> <td style=\"width: 15.122%; border-style: dotted; border-color: #cccccc; padding: 5px;\"> P\u0159idavn\u00e9 uchycen\u00ed<br \/> <\/td> <td style=\"width: 11.2195%; border-style: dotted; border-color: #cccccc; padding: 5px;\"> P\u00e1sek ze silikonov\u00e9 gumy <\/td> <td style=\"width: 9.87805%; border-style: dotted; border-color: #cccccc; padding: 5px;\"> \u0160roub <\/td> <td style=\"width: 10.7317%; border-style: dotted; border-color: #cccccc; padding: 5px;\"> P\u00e1sek <\/td> <td style=\"width: 13.1707%; border-style: dotted; border-color: #cccccc; padding: 5px;\"> \u200b\u0160roubovan\u00fd <\/td> <td style=\"width: 17.0732%; border-style: dotted; border-color: #cccccc; padding: 5px;\"> Implementovan\u00fd <\/td> <\/tr> <tr> <td style=\"width: 12.439%; border-style: dotted; border-color: #cccccc; padding: 5px;\"> <strong>Vzd\u00e1nenost \u010dten\u00ed<br \/><\/strong> <\/td> <td style=\"width: 10.3659%; border-style: dotted; border-color: #cccccc; padding: 5px;\"> 2-3 m <\/td> <td style=\"width: 15.122%; border-style: dotted; border-color: #cccccc; padding: 5px;\"> ~1 m <\/td> <td style=\"width: 11.2195%; border-style: dotted; border-color: #cccccc; padding: 5px;\"> ~1 m <\/td> <td style=\"width: 9.87805%; border-style: dotted; border-color: #cccccc; padding: 5px;\"> 2-3 m <\/td> <td style=\"width: 10.7317%; border-style: dotted; border-color: #cccccc; padding: 5px;\"> 1-2 m <\/td> <td style=\"width: 13.1707%; border-style: dotted; border-color: #cccccc; padding: 5px;\"> 0.8 m <\/td> <td style=\"width: 17.0732%; border-style: dotted; border-color: #cccccc; padding: 5px;\"> ~1 m <\/td> <\/tr> <tr> <td style=\"width: 12.439%; border-style: dotted; border-color: #cccccc; padding: 5px;\"> <strong>Rozsah m\u011b\u0159en\u00ed<br \/><\/strong> <\/td> <td style=\"width: 10.3659%; border-style: dotted; border-color: #cccccc; padding: 5px;\"> \u200b-20 \uff5e +125\u00a0\u2103 <\/td> <td style=\"width: 15.122%; border-style: dotted; border-color: #cccccc; padding: 5px;\"> \u200b-20 \uff5e +125\u00a0\u2103 <\/td> <td style=\"width: 11.2195%; border-style: dotted; border-color: #cccccc; padding: 5px;\"> \u200b-20 \uff5e +125\u00a0\u2103 <\/td> <td style=\"width: 9.87805%; border-style: dotted; border-color: #cccccc; padding: 5px;\"> \u200b-20 \uff5e +125\u00a0\u2103 <\/td> <td style=\"width: 10.7317%; border-style: dotted; border-color: #cccccc; padding: 5px;\"> \u200b-20 \uff5e +125\u00a0\u2103 <\/td> <td style=\"width: 13.1707%; border-style: dotted; border-color: #cccccc; padding: 5px;\"> \u200b-20 \uff5e +125\u00a0\u2103\u200b\u200b\u200b <\/td> <td style=\"width: 17.0732%; border-style: dotted; border-color: #cccccc; padding: 5px;\"> \u200b-20 \uff5e +125\u00a0\u2103\u200b\u200b\u200b <\/td> <\/tr> <tr> <td style=\"width: 12.439%; border-style: dotted; border-color: #cccccc; padding: 5px;\"> <strong>Pou\u017eit\u00ed<\/strong> <\/td> <td style=\"width: 10.3659%; border-style: dotted; border-color: #cccccc; padding: 5px;\"> Li\u0161ta <\/td> <td style=\"width: 15.122%; border-style: dotted; border-color: #cccccc; padding: 5px;\"> Spojky <\/td> <td style=\"width: 11.2195%; border-style: dotted; border-color: #cccccc; padding: 5px;\"> Kontakt male<br \/> <\/td> <td style=\"width: 9.87805%; border-style: dotted; border-color: #cccccc; padding: 5px;\"> \u0160roub\u00a0<br \/> <\/td> <td style=\"width: 10.7317%; border-style: dotted; border-color: #cccccc; padding: 5px;\"> Li\u0161ty nap\u00e1jec\u00ed<br \/> <\/td> <td style=\"width: 13.1707%; border-style: dotted; border-color: #cccccc; padding: 5px;\"> Zakon\u010den\u00ed p\u0159evodu RMU<br \/> <\/td> <td style=\"width: 17.0732%; border-style: dotted; border-color: #cccccc; padding: 5px;\"> Izol\u00e1tor p\u0159evodu<br \/> <\/td> <\/tr> <\/tbody> <\/table>","_links":{"self":[{"href":"https:\/\/pqsense.eu\/index.php?rest_route=\/wp\/v2\/pages\/870","targetHints":{"allow":["GET"]}}],"collection":[{"href":"https:\/\/pqsense.eu\/index.php?rest_route=\/wp\/v2\/pages"}],"about":[{"href":"https:\/\/pqsense.eu\/index.php?rest_route=\/wp\/v2\/types\/page"}],"author":[{"embeddable":true,"href":"https:\/\/pqsense.eu\/index.php?rest_route=\/wp\/v2\/users\/1"}],"replies":[{"embeddable":true,"href":"https:\/\/pqsense.eu\/index.php?rest_route=%2Fwp%2Fv2%2Fcomments&post=870"}],"version-history":[{"count":2,"href":"https:\/\/pqsense.eu\/index.php?rest_route=\/wp\/v2\/pages\/870\/revisions"}],"predecessor-version":[{"id":994,"href":"https:\/\/pqsense.eu\/index.php?rest_route=\/wp\/v2\/pages\/870\/revisions\/994"}],"up":[{"embeddable":true,"href":"https:\/\/pqsense.eu\/index.php?rest_route=\/wp\/v2\/pages\/838"}],"wp:attachment":[{"href":"https:\/\/pqsense.eu\/index.php?rest_route=%2Fwp%2Fv2%2Fmedia&parent=870"}],"curies":[{"name":"wp","href":"https:\/\/api.w.org\/{rel}","templated":true}]}}