{"id":866,"date":"2021-07-19T18:23:33","date_gmt":"2021-07-19T16:23:33","guid":{"rendered":"https:\/\/pqsense.pl\/?page_id=866"},"modified":"2021-07-22T10:41:03","modified_gmt":"2021-07-22T08:41:03","slug":"radice","status":"publish","type":"page","link":"https:\/\/pqsense.eu\/?page_id=866&lang=cs","title":{"rendered":"Ovlada\u010de"},"content":{"rendered":"<!-- wp:themify-builder\/canvas \/-->","protected":false},"excerpt":{"rendered":"","protected":false},"author":1,"featured_media":0,"parent":838,"menu_order":0,"comment_status":"closed","ping_status":"closed","template":"","meta":{"footnotes":""},"class_list":["post-866","page","type-page","status-publish","hentry","has-post-title","has-post-date","has-post-category","has-post-tag","has-post-comment","has-post-author",""],"builder_content":"[gallery columns=\"5\" size=\"medium\" ids=\"461,462,466,467,767,468\"]\n<table style=\"width: 100%; border-style: dotted; border-color: #cccccc; height: 192px;\" border=\"1px\" cellspacing=\"0\" cellpadding=\"10\"> <tbody> <tr style=\"border: 1px solid #cccccc;\"> <td style=\"vertical-align: top; border-style: dotted; border-color: #cccccc; padding: 5px; width: 12.439%; text-align: right; background-color: #eeeeee; height: 24px;\"> <strong>K\u00f3d v\u00fdrobku<\/strong> <\/td> <td style=\"width: 10.3659%; border-style: dotted; border-color: #cccccc; padding: 5px; text-align: right; height: 24px;\"> <strong>PQS-RD-01<\/strong> <\/td> <td style=\"width: 7.561%; border-style: dotted; border-color: #cccccc; padding: 5px; text-align: right; height: 24px;\"> <strong>PQS-RD-11\/4<\/strong> <\/td> <td style=\"width: 7.561%; border-style: dotted; border-color: #cccccc; padding: 5px; text-align: right; height: 24px;\"> <strong>PQS-RD-11\/8<\/strong> <\/td> <\/tr> <tr> <td style=\"width: 12.439%; border-style: dotted; border-color: #cccccc; padding: 5px; text-align: right; background-color: #eeeeee;\"><strong>Po\u010det ant\u00e9n<\/strong><\/td> <td style=\"width: 10.3659%; border-style: dotted; border-color: #cccccc; padding: 5px; text-align: center;\"> 4<br \/> <\/td> <td style=\"width: 7.561%; border-style: dotted; border-color: #cccccc; padding: 5px; text-align: center;\"> 4<br \/> <\/td> <td style=\"width: 7.561%; border-style: dotted; border-color: #cccccc; padding: 5px; text-align: center;\"> 8<br \/> <\/td> <\/tr> <tr style=\"height: 24px;\"> <td style=\"width: 12.439%; border-style: dotted; border-color: #cccccc; padding: 5px; text-align: right; background-color: #eeeeee; height: 24px;\"> <strong>Typ mont\u00e1\u017ee<\/strong> <\/td> <td style=\"width: 10.3659%; border-style: dotted; border-color: #cccccc; padding: 5px; height: 24px;\"> Mont\u00e1\u017e ve sk\u0159\u00edni<br \/> <\/td> <td style=\"width: 7.561%; border-style: dotted; border-color: #cccccc; padding: 5px; height: 24px;\"> Na \u0161rouby nebo ve sk\u0159\u00edni (v\u00fdb\u011br)<br \/> <\/td> <td style=\"width: 7.561%; border-style: dotted; border-color: #cccccc; padding: 5px; height: 24px;\"> Na \u0161rouby nebo ve sk\u0159\u00edni (v\u00fdb\u011br) <\/td> <\/tr> <tr style=\"height: 24px;\"> <td style=\"width: 12.439%; border-style: dotted; border-color: #cccccc; padding: 5px; text-align: right; background-color: #eeeeee; height: 24px;\"> <strong>Rozm\u011bry<\/strong> <\/td> <td style=\"width: 10.3659%; border-style: dotted; border-color: #cccccc; padding: 5px; height: 24px;\"> \u200b80 x 115 x\u00a045 mm <\/td> <td style=\"width: 7.561%; border-style: dotted; border-color: #cccccc; padding: 5px; height: 24px;\"> 190 x 100 x 41 mm <\/td> <td style=\"width: 7.561%; border-style: dotted; border-color: #cccccc; padding: 5px; height: 24px;\"> 190 x 100 x 41 mm <\/td> <\/tr> <tr style=\"height: 48px;\"> <td style=\"width: 12.439%; border-style: dotted; border-color: #cccccc; padding: 5px; text-align: right; background-color: #eeeeee; height: 48px;\"> <strong>Nap\u00e1jen\u00ed<\/strong> <\/td> <td style=\"width: 10.3659%; border-style: dotted; border-color: #cccccc; padding: 5px; height: 48px;\"> \u200b\u200bAC\/DC 85-265V<br \/><br \/> <\/td> <td style=\"width: 7.561%; border-style: dotted; border-color: #cccccc; padding: 5px; height: 48px;\"> AC\/DC 85-265V<br \/><br \/> <\/td> <td style=\"width: 7.561%; border-style: dotted; border-color: #cccccc; padding: 5px; height: 48px;\"> AC\/DC 85-265V<br \/><br \/> <\/td> <\/tr> <tr style=\"height: 48px;\"> <td style=\"width: 12.439%; border-style: dotted; border-color: #cccccc; padding: 5px; text-align: right; background-color: #eeeeee; height: 48px;\"> <strong>Komunikace<br \/><\/strong> <\/td> <td style=\"width: 10.3659%; border-style: dotted; border-color: #cccccc; padding: 5px; height: 48px;\"> 1 interfejs RS485\/ Modbus RTU <\/td> <td style=\"width: 7.561%; border-style: dotted; border-color: #cccccc; padding: 5px; height: 48px;\"> 2 interfejsy RS485\/ Modbus RTU <\/td> <td style=\"width: 7.561%; border-style: dotted; border-color: #cccccc; padding: 5px; height: 48px;\"> 2 interfejsy RS485\/ Modbus RTU <\/td> <\/tr> <tr style=\"height: 24px;\"> <td style=\"width: 12.439%; border-style: dotted; border-color: #cccccc; padding: 5px; text-align: right; background-color: #eeeeee; height: 24px;\"> <strong>Provozn\u00ed teplota<\/strong> <\/td> <td style=\"width: 10.3659%; border-style: dotted; border-color: #cccccc; padding: 5px; height: 24px;\"> -20 do 70 \u2103 <\/td> <td style=\"width: 7.561%; border-style: dotted; border-color: #cccccc; padding: 5px; height: 24px;\"> \u200b-20 do 70 \u2103 <\/td> <td style=\"width: 7.561%; border-style: dotted; border-color: #cccccc; padding: 5px; height: 24px;\"> -20 do 70 \u2103 <\/td> <\/tr> <tr> <td style=\"width: 12.439%; border-style: dotted; border-color: #cccccc; padding: 5px; text-align: right; background-color: #eeeeee;\"> <strong>Senzor vlhkosti (v\u00fdb\u011br)<br \/><\/strong> <\/td> <td style=\"width: 10.3659%; border-style: dotted; border-color: #cccccc; padding: 5px; text-align: center;\"> Ne<br \/> <\/td> <td style=\"width: 7.561%; border-style: dotted; border-color: #cccccc; padding: 5px; text-align: center;\"> Ano <\/td> <td style=\"width: 7.561%; border-style: dotted; border-color: #cccccc; padding: 5px; text-align: center;\"> Ano <\/td> <\/tr> <\/tbody> <\/table>","_links":{"self":[{"href":"https:\/\/pqsense.eu\/index.php?rest_route=\/wp\/v2\/pages\/866","targetHints":{"allow":["GET"]}}],"collection":[{"href":"https:\/\/pqsense.eu\/index.php?rest_route=\/wp\/v2\/pages"}],"about":[{"href":"https:\/\/pqsense.eu\/index.php?rest_route=\/wp\/v2\/types\/page"}],"author":[{"embeddable":true,"href":"https:\/\/pqsense.eu\/index.php?rest_route=\/wp\/v2\/users\/1"}],"replies":[{"embeddable":true,"href":"https:\/\/pqsense.eu\/index.php?rest_route=%2Fwp%2Fv2%2Fcomments&post=866"}],"version-history":[{"count":5,"href":"https:\/\/pqsense.eu\/index.php?rest_route=\/wp\/v2\/pages\/866\/revisions"}],"predecessor-version":[{"id":989,"href":"https:\/\/pqsense.eu\/index.php?rest_route=\/wp\/v2\/pages\/866\/revisions\/989"}],"up":[{"embeddable":true,"href":"https:\/\/pqsense.eu\/index.php?rest_route=\/wp\/v2\/pages\/838"}],"wp:attachment":[{"href":"https:\/\/pqsense.eu\/index.php?rest_route=%2Fwp%2Fv2%2Fmedia&parent=866"}],"curies":[{"name":"wp","href":"https:\/\/api.w.org\/{rel}","templated":true}]}}