{"id":840,"date":"2021-07-19T18:08:58","date_gmt":"2021-07-19T16:08:58","guid":{"rendered":"https:\/\/pqsense.pl\/?page_id=840"},"modified":"2025-10-16T11:35:10","modified_gmt":"2025-10-16T09:35:10","slug":"monitorovani-teploty-energetickych-prvku","status":"publish","type":"page","link":"https:\/\/pqsense.eu\/?page_id=840&lang=cs","title":{"rendered":"Monitorov\u00e1n\u00ed teploty energetick\u00fdch prvk\u016f"},"content":{"rendered":"\n<p class=\"has-text-align-center\" style=\"font-size:32px\"><strong>Monitorov\u00e1n\u00ed teploty &#8211; po\u017e\u00e1rn\u00ed prevence v energetick\u00e9m sektoru<\/strong><\/p>\n\n\n<div class=\"wp-block-image\">\n<figure class=\"aligncenter size-large\"><img loading=\"lazy\" decoding=\"async\" width=\"1024\" height=\"300\" src=\"https:\/\/pqsense.eu\/wp-content\/uploads\/2021\/06\/1823886441-1024x300.jpg\" alt=\"Monitorowanie temperatury RFID\" class=\"wp-image-734\" srcset=\"https:\/\/pqsense.eu\/wp-content\/uploads\/2021\/06\/1823886441-1024x300.jpg 1024w, https:\/\/pqsense.eu\/wp-content\/uploads\/2021\/06\/1823886441-300x88.jpg 300w, https:\/\/pqsense.eu\/wp-content\/uploads\/2021\/06\/1823886441-768x225.jpg 768w, https:\/\/pqsense.eu\/wp-content\/uploads\/2021\/06\/1823886441.jpg 1078w\" sizes=\"auto, (max-width: 1024px) 100vw, 1024px\" \/><\/figure>\n<\/div>\n\n<!-- wp:themify-builder\/canvas \/-->\n\n<!--themify_builder_static--><h3 class='tb-menu-title'>PQSense zabra\u0148uje po\u017e\u00e1r\u016fm elektrick\u00fdch rozvoden. Je to telemetrick\u00fd bezdr\u00e1tov\u00fd (RFID) syst\u00e9m pro nep\u0159etr\u017eit\u00e9 sledov\u00e1n\u00ed teploty na energetick\u00fdch prvc\u00edch pracuj\u00edc\u00edch p\u0159i n\u00edzk\u00e9m a st\u0159edn\u00edm nap\u011bt\u00ed. Jde o kompletn\u00ed, \u0161k\u00e1lovateln\u00e9 \u0159e\u0161en\u00ed p\u0159izp\u016fsoben\u00e9 velikosti a architektu\u0159e rozvodny. Pou\u017eit\u00e1 technologie RFID z n\u011bj \u010din\u00ed d\u016fle\u017eit\u00fd bezpe\u010dnostn\u00ed syst\u00e9m, kter\u00fd nahrazuje nebo dopl\u0148uje dosavadn\u00ed syst\u00e9m termovizn\u00edch kamer.<\/h3>\n<a href=\"https:\/\/pqsense.eu\/?page_id=509\" > <img loading=\"lazy\" decoding=\"async\" src=\"https:\/\/pqsense.eu\/wp-content\/uploads\/2021\/06\/favicon-100x100.png\" width=\"100\" height=\"100\" title=\"favicon\" alt=\"Technologie monitorov\u00e1n\u00ed RFID \" srcset=\"https:\/\/pqsense.eu\/wp-content\/uploads\/2021\/06\/favicon-100x100.png 100w, https:\/\/pqsense.eu\/wp-content\/uploads\/2021\/06\/favicon-150x150.png 150w, https:\/\/pqsense.eu\/wp-content\/uploads\/2021\/06\/favicon-200x200.png 200w, https:\/\/pqsense.eu\/wp-content\/uploads\/2021\/06\/favicon.png 160w\" sizes=\"auto, (max-width: 100px) 100vw, 100px\" \/> <\/a> \n <h3 class='tb-menu-title'>Technologie monitorov\u00e1n\u00ed RFID <\/h3> Technologie sn\u00edm\u00e1n\u00ed RFID. Digit\u00e1ln\u00ed, pasivn\u00ed, bez bateri\u00ed, bezpe\u010dn\u00e1 a snadno implementovateln\u00e1.\n<a href=\"https:\/\/pqsense.eu\/?page_id=513\" > <img loading=\"lazy\" decoding=\"async\" src=\"https:\/\/pqsense.eu\/wp-content\/uploads\/2021\/06\/36f71c254209fbcc4fe83f1b8434c4ef_6-300x184-200x122.jpg\" width=\"200\" height=\"122\" title=\"Rozdzielnia elektryczna\" alt=\"Monitorov\u00e1n\u00ed teploty prvk\u016f energetick\u00fdch s\u00edt\u00ed\"> <\/a> \n <h3 class='tb-menu-title'>Monitorov\u00e1n\u00ed teploty prvk\u016f energetick\u00fdch s\u00edt\u00ed<\/h3> Bezpe\u010dn\u011b pracuje v s\u00edt\u00edch NN a tak\u00e9 i SN do 15kV\n<a href=\"https:\/\/pqsense.eu\/?page_id=366\" > <img loading=\"lazy\" decoding=\"async\" src=\"https:\/\/pqsense.eu\/wp-content\/uploads\/2021\/06\/IMG20161128111401-300x194-200x129.jpg\" width=\"200\" height=\"129\" title=\"IMG20161128111401\" alt=\"\u0160irok\u00e1 \u0161k\u00e1la senzor\u016f\" srcset=\"https:\/\/pqsense.eu\/wp-content\/uploads\/2021\/06\/IMG20161128111401-300x194-200x129.jpg 200w, https:\/\/pqsense.eu\/wp-content\/uploads\/2021\/06\/IMG20161128111401-300x194.jpg 300w, https:\/\/pqsense.eu\/wp-content\/uploads\/2021\/06\/IMG20161128111401-768x496.jpg 768w, https:\/\/pqsense.eu\/wp-content\/uploads\/2021\/06\/IMG20161128111401.jpg 800w\" sizes=\"auto, (max-width: 200px) 100vw, 200px\" \/> <\/a> \n <h3 class='tb-menu-title'>\u0160irok\u00e1 \u0161k\u00e1la senzor\u016f<\/h3> Nab\u00eddka senzor\u016f uspokoj\u00ed v\u0161echny pot\u0159eby v oblasti monitorov\u00e1n\u00ed rozvad\u011b\u010d\u016f\n<img loading=\"lazy\" decoding=\"async\" src=\"https:\/\/pqsense.eu\/wp-content\/uploads\/2021\/06\/Reader-8-5-300x300-200x200.jpg\" width=\"200\" height=\"200\" title=\"Reader 8 5\" alt=\"Ovlada\u010de pro 4 a\u017e 8 ant\u00e9n RFID\" srcset=\"https:\/\/pqsense.eu\/wp-content\/uploads\/2021\/06\/Reader-8-5-300x300-200x200.jpg 200w, https:\/\/pqsense.eu\/wp-content\/uploads\/2021\/06\/Reader-8-5-300x300.jpg 300w, https:\/\/pqsense.eu\/wp-content\/uploads\/2021\/06\/Reader-8-5-150x150.jpg 150w, https:\/\/pqsense.eu\/wp-content\/uploads\/2021\/06\/Reader-8-5-768x768.jpg 768w, https:\/\/pqsense.eu\/wp-content\/uploads\/2021\/06\/Reader-8-5-350x350.jpg 350w, https:\/\/pqsense.eu\/wp-content\/uploads\/2021\/06\/Reader-8-5.jpg 800w\" sizes=\"auto, (max-width: 200px) 100vw, 200px\" \/> \n <h3 class='tb-menu-title'>Ovlada\u010de pro 4 a\u017e 8 ant\u00e9n RFID<\/h3> Poskytuj\u00ed flexibiln\u00ed rozm\u00edst\u011bn\u00edn\u00ed ant\u00e9n v z\u00e1vislosti na pot\u0159eb\u00e1ch. Ovlada\u010d lze p\u0159ipojit k \u0159\u00eddic\u00edmu syst\u00e9mu p\u0159es linku RS485 \/ Modbus.\n<img loading=\"lazy\" decoding=\"async\" src=\"https:\/\/pqsense.eu\/wp-content\/uploads\/2021\/06\/C73-300x278-200x185.jpg\" width=\"200\" height=\"185\" title=\"Czytnik rz\u0119czny\" alt=\"Ru\u010dn\u00ed \u010dte\u010dka\" srcset=\"https:\/\/pqsense.eu\/wp-content\/uploads\/2021\/06\/C73-300x278-200x185.jpg 200w, https:\/\/pqsense.eu\/wp-content\/uploads\/2021\/06\/C73-300x278.jpg 300w, https:\/\/pqsense.eu\/wp-content\/uploads\/2021\/06\/C73.jpg 401w\" sizes=\"auto, (max-width: 200px) 100vw, 200px\" \/> \n <h3 class='tb-menu-title'>Ru\u010dn\u00ed \u010dte\u010dka<\/h3> Ru\u010dn\u00ed \u010dte\u010dka umo\u017e\u0148uje ode\u010d\u00edtat teploty v\u0161ech instalovan\u00fdch senzor\u016f ze vzd\u00e1lenosti a\u017e 3 m. Dokonce i ty skryt\u00e9 za jin\u00fdmi prvky.\n<img loading=\"lazy\" decoding=\"async\" src=\"https:\/\/pqsense.eu\/wp-content\/uploads\/2021\/06\/Reader-UT-Screenshot-300x249-200x166.jpg\" width=\"200\" height=\"166\" title=\"Reader UT Screenshot\" alt=\"Software na PC\" srcset=\"https:\/\/pqsense.eu\/wp-content\/uploads\/2021\/06\/Reader-UT-Screenshot-300x249-200x166.jpg 200w, https:\/\/pqsense.eu\/wp-content\/uploads\/2021\/06\/Reader-UT-Screenshot-300x249.jpg 300w, https:\/\/pqsense.eu\/wp-content\/uploads\/2021\/06\/Reader-UT-Screenshot-768x638.jpg 768w, https:\/\/pqsense.eu\/wp-content\/uploads\/2021\/06\/Reader-UT-Screenshot.jpg 873w\" sizes=\"auto, (max-width: 200px) 100vw, 200px\" \/> \n <h3 class='tb-menu-title'>Software na PC<\/h3> Software shroma\u017e\u010fuje data ze senzor\u016f a zobrazuje je v \u010diteln\u00e9 a jasn\u00e9 form\u011b\n<img loading=\"lazy\" decoding=\"async\" src=\"https:\/\/pqsense.eu\/wp-content\/uploads\/2025\/10\/akcesoria2-300x182-200x121.png\" width=\"200\" height=\"121\" title=\"akcesoria2\" alt=\"P\u0159\u00edslu\u0161enstv\u00ed\" srcset=\"https:\/\/pqsense.eu\/wp-content\/uploads\/2025\/10\/akcesoria2-300x182-200x121.png 200w, https:\/\/pqsense.eu\/wp-content\/uploads\/2025\/10\/akcesoria2-300x182.png 300w, https:\/\/pqsense.eu\/wp-content\/uploads\/2025\/10\/akcesoria2-1024x621.png 1024w, https:\/\/pqsense.eu\/wp-content\/uploads\/2025\/10\/akcesoria2-768x466.png 768w, https:\/\/pqsense.eu\/wp-content\/uploads\/2025\/10\/akcesoria2-1536x932.png 1536w, https:\/\/pqsense.eu\/wp-content\/uploads\/2025\/10\/akcesoria2-2048x1243.png 2048w\" sizes=\"auto, (max-width: 200px) 100vw, 200px\" \/> \n <h3 class='tb-menu-title'>P\u0159\u00edslu\u0161enstv\u00ed<\/h3> Bezdr\u00e1tov\u00e1 komunikace a synchronizace \u010dasu jsou z\u00e1kladn\u00edmi sou\u010d\u00e1stmi syst\u00e9mu. PQSense vyu\u017e\u00edv\u00e1 za\u0159\u00edzen\u00ed ELPROMA: GSM routery a NTP servery.\n<img loading=\"lazy\" decoding=\"async\" src=\"https:\/\/pqsense.eu\/wp-content\/uploads\/2025\/10\/PQsense_demo_sm2-300x225-200x150.png\" width=\"200\" height=\"150\" title=\"PQsense_demo_sm2\" alt=\"Demonstra\u010dn\u00ed sada\" srcset=\"https:\/\/pqsense.eu\/wp-content\/uploads\/2025\/10\/PQsense_demo_sm2-300x225-200x150.png 200w, https:\/\/pqsense.eu\/wp-content\/uploads\/2025\/10\/PQsense_demo_sm2-300x225.png 300w, https:\/\/pqsense.eu\/wp-content\/uploads\/2025\/10\/PQsense_demo_sm2-1024x769.png 1024w, https:\/\/pqsense.eu\/wp-content\/uploads\/2025\/10\/PQsense_demo_sm2-768x576.png 768w, https:\/\/pqsense.eu\/wp-content\/uploads\/2025\/10\/PQsense_demo_sm2-1536x1153.png 1536w, https:\/\/pqsense.eu\/wp-content\/uploads\/2025\/10\/PQsense_demo_sm2.png 1984w\" sizes=\"auto, (max-width: 200px) 100vw, 200px\" \/> \n <h3 class='tb-menu-title'>Demonstra\u010dn\u00ed sada<\/h3> Tato speci\u00e1ln\u011b navr\u017een\u00e1 mobiln\u00ed sada obsahuje miniaturizovan\u00fd syst\u00e9m PQSence, p\u0159ipraven\u00fd k demonstraci fungov\u00e1n\u00ed \u0159e\u0161en\u00ed pro m\u011b\u0159en\u00ed teploty v m\u00edst\u011b z\u00e1kazn\u00edka.<!--\/themify_builder_static-->","protected":false},"excerpt":{"rendered":"<p>Monitorov\u00e1n\u00ed teploty &#8211; po\u017e\u00e1rn\u00ed prevence v energetick\u00e9m sektoru PQSense zabra\u0148uje po\u017e\u00e1r\u016fm elektrick\u00fdch rozvoden. Je to telemetrick\u00fd bezdr\u00e1tov\u00fd (RFID) syst\u00e9m pro nep\u0159etr\u017eit\u00e9 sledov\u00e1n\u00ed teploty na energetick\u00fdch prvc\u00edch pracuj\u00edc\u00edch p\u0159i n\u00edzk\u00e9m a st\u0159edn\u00edm nap\u011bt\u00ed. Jde o kompletn\u00ed, \u0161k\u00e1lovateln\u00e9 \u0159e\u0161en\u00ed p\u0159izp\u016fsoben\u00e9 velikosti a architektu\u0159e rozvodny. Pou\u017eit\u00e1 technologie RFID z n\u011bj \u010din\u00ed d\u016fle\u017eit\u00fd bezpe\u010dnostn\u00ed syst\u00e9m, kter\u00fd nahrazuje nebo dopl\u0148uje [&hellip;]<\/p>\n","protected":false},"author":1,"featured_media":0,"parent":0,"menu_order":0,"comment_status":"closed","ping_status":"closed","template":"","meta":{"footnotes":""},"class_list":["post-840","page","type-page","status-publish","hentry","has-post-title","has-post-date","has-post-category","has-post-tag","has-post-comment","has-post-author",""],"builder_content":"<h3 class='tb-menu-title'>PQSense zabra\u0148uje po\u017e\u00e1r\u016fm elektrick\u00fdch rozvoden. Je to telemetrick\u00fd bezdr\u00e1tov\u00fd (RFID) syst\u00e9m pro nep\u0159etr\u017eit\u00e9 sledov\u00e1n\u00ed teploty na energetick\u00fdch prvc\u00edch pracuj\u00edc\u00edch p\u0159i n\u00edzk\u00e9m a st\u0159edn\u00edm nap\u011bt\u00ed. Jde o kompletn\u00ed, \u0161k\u00e1lovateln\u00e9 \u0159e\u0161en\u00ed p\u0159izp\u016fsoben\u00e9 velikosti a architektu\u0159e rozvodny. Pou\u017eit\u00e1 technologie RFID z n\u011bj \u010din\u00ed d\u016fle\u017eit\u00fd bezpe\u010dnostn\u00ed syst\u00e9m, kter\u00fd nahrazuje nebo dopl\u0148uje dosavadn\u00ed syst\u00e9m termovizn\u00edch kamer.<\/h3>\n<a href=\"https:\/\/pqsense.eu\/?page_id=509\" > <img loading=\"lazy\" decoding=\"async\" src=\"https:\/\/pqsense.eu\/wp-content\/uploads\/2021\/06\/favicon-100x100.png\" width=\"100\" height=\"100\" title=\"favicon\" alt=\"Technologie monitorov\u00e1n\u00ed RFID \" srcset=\"https:\/\/pqsense.eu\/wp-content\/uploads\/2021\/06\/favicon-100x100.png 100w, https:\/\/pqsense.eu\/wp-content\/uploads\/2021\/06\/favicon-150x150.png 150w, https:\/\/pqsense.eu\/wp-content\/uploads\/2021\/06\/favicon-200x200.png 200w, https:\/\/pqsense.eu\/wp-content\/uploads\/2021\/06\/favicon.png 160w\" sizes=\"auto, (max-width: 100px) 100vw, 100px\" \/> <\/a> \n <h3 class='tb-menu-title'>Technologie monitorov\u00e1n\u00ed RFID <\/h3> Technologie sn\u00edm\u00e1n\u00ed RFID. Digit\u00e1ln\u00ed, pasivn\u00ed, bez bateri\u00ed, bezpe\u010dn\u00e1 a snadno implementovateln\u00e1.\n<a href=\"https:\/\/pqsense.eu\/?page_id=513\" > <img loading=\"lazy\" decoding=\"async\" src=\"https:\/\/pqsense.eu\/wp-content\/uploads\/2021\/06\/36f71c254209fbcc4fe83f1b8434c4ef_6-300x184-200x122.jpg\" width=\"200\" height=\"122\" title=\"Rozdzielnia elektryczna\" alt=\"Monitorov\u00e1n\u00ed teploty prvk\u016f energetick\u00fdch s\u00edt\u00ed\"> <\/a> \n <h3 class='tb-menu-title'>Monitorov\u00e1n\u00ed teploty prvk\u016f energetick\u00fdch s\u00edt\u00ed<\/h3> Bezpe\u010dn\u011b pracuje v s\u00edt\u00edch NN a tak\u00e9 i SN do 15kV\n<a href=\"https:\/\/pqsense.eu\/?page_id=366\" > <img loading=\"lazy\" decoding=\"async\" src=\"https:\/\/pqsense.eu\/wp-content\/uploads\/2021\/06\/IMG20161128111401-300x194-200x129.jpg\" width=\"200\" height=\"129\" title=\"IMG20161128111401\" alt=\"\u0160irok\u00e1 \u0161k\u00e1la senzor\u016f\" srcset=\"https:\/\/pqsense.eu\/wp-content\/uploads\/2021\/06\/IMG20161128111401-300x194-200x129.jpg 200w, https:\/\/pqsense.eu\/wp-content\/uploads\/2021\/06\/IMG20161128111401-300x194.jpg 300w, https:\/\/pqsense.eu\/wp-content\/uploads\/2021\/06\/IMG20161128111401-768x496.jpg 768w, https:\/\/pqsense.eu\/wp-content\/uploads\/2021\/06\/IMG20161128111401.jpg 800w\" sizes=\"auto, (max-width: 200px) 100vw, 200px\" \/> <\/a> \n <h3 class='tb-menu-title'>\u0160irok\u00e1 \u0161k\u00e1la senzor\u016f<\/h3> Nab\u00eddka senzor\u016f uspokoj\u00ed v\u0161echny pot\u0159eby v oblasti monitorov\u00e1n\u00ed rozvad\u011b\u010d\u016f\n<img loading=\"lazy\" decoding=\"async\" src=\"https:\/\/pqsense.eu\/wp-content\/uploads\/2021\/06\/Reader-8-5-300x300-200x200.jpg\" width=\"200\" height=\"200\" title=\"Reader 8 5\" alt=\"Ovlada\u010de pro 4 a\u017e 8 ant\u00e9n RFID\" srcset=\"https:\/\/pqsense.eu\/wp-content\/uploads\/2021\/06\/Reader-8-5-300x300-200x200.jpg 200w, https:\/\/pqsense.eu\/wp-content\/uploads\/2021\/06\/Reader-8-5-300x300.jpg 300w, https:\/\/pqsense.eu\/wp-content\/uploads\/2021\/06\/Reader-8-5-150x150.jpg 150w, https:\/\/pqsense.eu\/wp-content\/uploads\/2021\/06\/Reader-8-5-768x768.jpg 768w, https:\/\/pqsense.eu\/wp-content\/uploads\/2021\/06\/Reader-8-5-350x350.jpg 350w, https:\/\/pqsense.eu\/wp-content\/uploads\/2021\/06\/Reader-8-5.jpg 800w\" sizes=\"auto, (max-width: 200px) 100vw, 200px\" \/> \n <h3 class='tb-menu-title'>Ovlada\u010de pro 4 a\u017e 8 ant\u00e9n RFID<\/h3> Poskytuj\u00ed flexibiln\u00ed rozm\u00edst\u011bn\u00edn\u00ed ant\u00e9n v z\u00e1vislosti na pot\u0159eb\u00e1ch. Ovlada\u010d lze p\u0159ipojit k \u0159\u00eddic\u00edmu syst\u00e9mu p\u0159es linku RS485 \/ Modbus.\n<img loading=\"lazy\" decoding=\"async\" src=\"https:\/\/pqsense.eu\/wp-content\/uploads\/2021\/06\/C73-300x278-200x185.jpg\" width=\"200\" height=\"185\" title=\"Czytnik rz\u0119czny\" alt=\"Ru\u010dn\u00ed \u010dte\u010dka\" srcset=\"https:\/\/pqsense.eu\/wp-content\/uploads\/2021\/06\/C73-300x278-200x185.jpg 200w, https:\/\/pqsense.eu\/wp-content\/uploads\/2021\/06\/C73-300x278.jpg 300w, https:\/\/pqsense.eu\/wp-content\/uploads\/2021\/06\/C73.jpg 401w\" sizes=\"auto, (max-width: 200px) 100vw, 200px\" \/> \n <h3 class='tb-menu-title'>Ru\u010dn\u00ed \u010dte\u010dka<\/h3> Ru\u010dn\u00ed \u010dte\u010dka umo\u017e\u0148uje ode\u010d\u00edtat teploty v\u0161ech instalovan\u00fdch senzor\u016f ze vzd\u00e1lenosti a\u017e 3 m. Dokonce i ty skryt\u00e9 za jin\u00fdmi prvky.\n<img loading=\"lazy\" decoding=\"async\" src=\"https:\/\/pqsense.eu\/wp-content\/uploads\/2021\/06\/Reader-UT-Screenshot-300x249-200x166.jpg\" width=\"200\" height=\"166\" title=\"Reader UT Screenshot\" alt=\"Software na PC\" srcset=\"https:\/\/pqsense.eu\/wp-content\/uploads\/2021\/06\/Reader-UT-Screenshot-300x249-200x166.jpg 200w, https:\/\/pqsense.eu\/wp-content\/uploads\/2021\/06\/Reader-UT-Screenshot-300x249.jpg 300w, https:\/\/pqsense.eu\/wp-content\/uploads\/2021\/06\/Reader-UT-Screenshot-768x638.jpg 768w, https:\/\/pqsense.eu\/wp-content\/uploads\/2021\/06\/Reader-UT-Screenshot.jpg 873w\" sizes=\"auto, (max-width: 200px) 100vw, 200px\" \/> \n <h3 class='tb-menu-title'>Software na PC<\/h3> Software shroma\u017e\u010fuje data ze senzor\u016f a zobrazuje je v \u010diteln\u00e9 a jasn\u00e9 form\u011b\n<img loading=\"lazy\" decoding=\"async\" src=\"https:\/\/pqsense.eu\/wp-content\/uploads\/2025\/10\/akcesoria2-300x182-200x121.png\" width=\"200\" height=\"121\" title=\"akcesoria2\" alt=\"P\u0159\u00edslu\u0161enstv\u00ed\" srcset=\"https:\/\/pqsense.eu\/wp-content\/uploads\/2025\/10\/akcesoria2-300x182-200x121.png 200w, https:\/\/pqsense.eu\/wp-content\/uploads\/2025\/10\/akcesoria2-300x182.png 300w, https:\/\/pqsense.eu\/wp-content\/uploads\/2025\/10\/akcesoria2-1024x621.png 1024w, https:\/\/pqsense.eu\/wp-content\/uploads\/2025\/10\/akcesoria2-768x466.png 768w, https:\/\/pqsense.eu\/wp-content\/uploads\/2025\/10\/akcesoria2-1536x932.png 1536w, https:\/\/pqsense.eu\/wp-content\/uploads\/2025\/10\/akcesoria2-2048x1243.png 2048w\" sizes=\"auto, (max-width: 200px) 100vw, 200px\" \/> \n <h3 class='tb-menu-title'>P\u0159\u00edslu\u0161enstv\u00ed<\/h3> Bezdr\u00e1tov\u00e1 komunikace a synchronizace \u010dasu jsou z\u00e1kladn\u00edmi sou\u010d\u00e1stmi syst\u00e9mu. PQSense vyu\u017e\u00edv\u00e1 za\u0159\u00edzen\u00ed ELPROMA: GSM routery a NTP servery.\n<img loading=\"lazy\" decoding=\"async\" src=\"https:\/\/pqsense.eu\/wp-content\/uploads\/2025\/10\/PQsense_demo_sm2-300x225-200x150.png\" width=\"200\" height=\"150\" title=\"PQsense_demo_sm2\" alt=\"Demonstra\u010dn\u00ed sada\" srcset=\"https:\/\/pqsense.eu\/wp-content\/uploads\/2025\/10\/PQsense_demo_sm2-300x225-200x150.png 200w, https:\/\/pqsense.eu\/wp-content\/uploads\/2025\/10\/PQsense_demo_sm2-300x225.png 300w, https:\/\/pqsense.eu\/wp-content\/uploads\/2025\/10\/PQsense_demo_sm2-1024x769.png 1024w, https:\/\/pqsense.eu\/wp-content\/uploads\/2025\/10\/PQsense_demo_sm2-768x576.png 768w, https:\/\/pqsense.eu\/wp-content\/uploads\/2025\/10\/PQsense_demo_sm2-1536x1153.png 1536w, https:\/\/pqsense.eu\/wp-content\/uploads\/2025\/10\/PQsense_demo_sm2.png 1984w\" sizes=\"auto, (max-width: 200px) 100vw, 200px\" \/> \n <h3 class='tb-menu-title'>Demonstra\u010dn\u00ed sada<\/h3> Tato speci\u00e1ln\u011b navr\u017een\u00e1 mobiln\u00ed sada obsahuje miniaturizovan\u00fd syst\u00e9m PQSence, p\u0159ipraven\u00fd k demonstraci fungov\u00e1n\u00ed \u0159e\u0161en\u00ed pro m\u011b\u0159en\u00ed teploty v m\u00edst\u011b z\u00e1kazn\u00edka.","_links":{"self":[{"href":"https:\/\/pqsense.eu\/index.php?rest_route=\/wp\/v2\/pages\/840","targetHints":{"allow":["GET"]}}],"collection":[{"href":"https:\/\/pqsense.eu\/index.php?rest_route=\/wp\/v2\/pages"}],"about":[{"href":"https:\/\/pqsense.eu\/index.php?rest_route=\/wp\/v2\/types\/page"}],"author":[{"embeddable":true,"href":"https:\/\/pqsense.eu\/index.php?rest_route=\/wp\/v2\/users\/1"}],"replies":[{"embeddable":true,"href":"https:\/\/pqsense.eu\/index.php?rest_route=%2Fwp%2Fv2%2Fcomments&post=840"}],"version-history":[{"count":25,"href":"https:\/\/pqsense.eu\/index.php?rest_route=\/wp\/v2\/pages\/840\/revisions"}],"predecessor-version":[{"id":1348,"href":"https:\/\/pqsense.eu\/index.php?rest_route=\/wp\/v2\/pages\/840\/revisions\/1348"}],"wp:attachment":[{"href":"https:\/\/pqsense.eu\/index.php?rest_route=%2Fwp%2Fv2%2Fmedia&parent=840"}],"curies":[{"name":"wp","href":"https:\/\/api.w.org\/{rel}","templated":true}]}}