{"id":838,"date":"2021-07-19T18:06:30","date_gmt":"2021-07-19T16:06:30","guid":{"rendered":"https:\/\/pqsense.pl\/?page_id=838"},"modified":"2025-10-17T13:48:57","modified_gmt":"2025-10-17T11:48:57","slug":"vyrobky","status":"publish","type":"page","link":"https:\/\/pqsense.eu\/?page_id=838&lang=cs","title":{"rendered":"V\u00fdrobky"},"content":{"rendered":"<!-- wp:themify-builder\/canvas \/-->\n\n<!--themify_builder_static--><div id='gallery-1' class='gallery galleryid-838 gallery-columns-3 gallery-size-thumbnail'><figure class='gallery-item'>\n\t\t\t<div class='gallery-icon landscape'>\n\t\t\t\t<img loading=\"lazy\" decoding=\"async\" width=\"150\" height=\"150\" src=\"https:\/\/pqsense.eu\/wp-content\/uploads\/2021\/06\/nut-150x150.png\" class=\"attachment-thumbnail size-thumbnail\" alt=\"\" aria-describedby=\"gallery-1-376\" \/>\n\t\t\t<\/div>\n\t\t\t\t<figcaption class='wp-caption-text gallery-caption' id='gallery-1-376'>\n\t\t\t\tPQS-SR-11\n\t\t\t\t<\/figcaption><\/figure><figure class='gallery-item'>\n\t\t\t<div class='gallery-icon landscape'>\n\t\t\t\t<img loading=\"lazy\" decoding=\"async\" width=\"150\" height=\"150\" src=\"https:\/\/pqsense.eu\/wp-content\/uploads\/2021\/06\/Reader-8-5-150x150.jpg\" class=\"attachment-thumbnail size-thumbnail\" alt=\"\" srcset=\"https:\/\/pqsense.eu\/wp-content\/uploads\/2021\/06\/Reader-8-5-150x150.jpg 150w, https:\/\/pqsense.eu\/wp-content\/uploads\/2021\/06\/Reader-8-5-300x300.jpg 300w, https:\/\/pqsense.eu\/wp-content\/uploads\/2021\/06\/Reader-8-5-768x768.jpg 768w, https:\/\/pqsense.eu\/wp-content\/uploads\/2021\/06\/Reader-8-5-350x350.jpg 350w, https:\/\/pqsense.eu\/wp-content\/uploads\/2021\/06\/Reader-8-5-300x300-200x200.jpg 200w, https:\/\/pqsense.eu\/wp-content\/uploads\/2021\/06\/Reader-8-5.jpg 800w\" sizes=\"auto, (max-width: 150px) 100vw, 150px\" \/>\n\t\t\t<\/div><\/figure><figure class='gallery-item'>\n\t\t\t<div class='gallery-icon landscape'>\n\t\t\t\t<img loading=\"lazy\" decoding=\"async\" width=\"150\" height=\"150\" src=\"https:\/\/pqsense.eu\/wp-content\/uploads\/2021\/06\/Antenna3-150x150.jpg\" class=\"attachment-thumbnail size-thumbnail\" alt=\"\" srcset=\"https:\/\/pqsense.eu\/wp-content\/uploads\/2021\/06\/Antenna3-150x150.jpg 150w, https:\/\/pqsense.eu\/wp-content\/uploads\/2021\/06\/Antenna3-300x300.jpg 300w, https:\/\/pqsense.eu\/wp-content\/uploads\/2021\/06\/Antenna3-768x768.jpg 768w, https:\/\/pqsense.eu\/wp-content\/uploads\/2021\/06\/Antenna3-350x350.jpg 350w, https:\/\/pqsense.eu\/wp-content\/uploads\/2021\/06\/Antenna3.jpg 800w\" sizes=\"auto, (max-width: 150px) 100vw, 150px\" \/>\n\t\t\t<\/div><\/figure><figure class='gallery-item'>\n\t\t\t<div class='gallery-icon landscape'>\n\t\t\t\t<img loading=\"lazy\" decoding=\"async\" width=\"150\" height=\"150\" src=\"https:\/\/pqsense.eu\/wp-content\/uploads\/2021\/06\/eng-sensor-150x150.jpg\" class=\"attachment-thumbnail size-thumbnail\" alt=\"\" \/>\n\t\t\t<\/div><\/figure><figure class='gallery-item'>\n\t\t\t<div class='gallery-icon landscape'>\n\t\t\t\t<img loading=\"lazy\" decoding=\"async\" width=\"150\" height=\"150\" src=\"https:\/\/pqsense.eu\/wp-content\/uploads\/2021\/06\/C73-150x150.jpg\" class=\"attachment-thumbnail size-thumbnail\" alt=\"\" \/>\n\t\t\t<\/div><\/figure>\n\t\t<\/div>\n\n<h3>Dokumenty ke sta\u017een\u00ed<\/h3> <table style=\"height: 264px; width: 100%; border-style: dotted; border-color: #EEE;\" border=\"1\" cellspacing=\"0\" cellpadding=\"10\"> <thead> <tr style=\"height: 24px; background-color: #d1d1d1;\"> <td style=\"width: 459.783px; height: 24px; padding: 5px; border-color: #cccccc; border-style: solid;\"> <strong>N\u00e1zev<\/strong> <\/td> <td style=\"width: 191.5px; height: 24px; padding: 5px; border-color: #cccccc; border-style: solid;\"> <strong>Jazyk<br \/><\/strong> <\/td> <td style=\"width: 142.717px; height: 24px; padding: 5px; border-color: #cccccc; border-style: solid;\"> <strong>Datum aktualizace<br \/><\/strong> <\/td> <\/tr> <\/thead> <tbody> <tr style=\"height: 48px;\"> <td style=\"width: 459.783px; height: 48px; padding: 5px; border-color: #cccccc; border-style: solid;\"> <strong><a href=\"https:\/\/pqsense.eu\/wp-content\/uploads\/2021\/07\/PQSense-Catalog_2021_06.cz_.pdf\" target=\"_blank\" rel=\"noopener\">Katalog v\u00fdrobk\u016f<\/a><\/strong> <\/td> <td style=\"width: 191.5px; height: 48px; padding: 5px; border-color: #cccccc; border-style: solid;\"> \u010desky <\/td> <td style=\"width: 142.717px; height: 48px; padding: 5px; border-color: #cccccc; border-style: solid;\"> 2021-06-28 <\/td> <\/tr> <tr style=\"height: 48px;\"> <td style=\"width: 459.783px; height: 48px; padding: 5px; border-color: #cccccc; border-style: solid;\"> <strong><a href=\"https:\/\/pqsense.eu\/wp-content\/uploads\/2021\/07\/pqsense_rfid_2017_07_eng_eu.pdf\" target=\"_blank\" rel=\"noopener\">Product Catalog &#8211;\u00a0<br \/>\u200bSwitchgear Temperature Monitor System<\/a><\/strong> <\/td> <td style=\"width: 191.5px; height: 48px; padding: 5px; border-color: #cccccc; border-style: solid;\"> Ang. <\/td> <td style=\"width: 142.717px; height: 48px; padding: 5px; border-color: #cccccc; border-style: solid;\"> 2019-12-27 <\/td> <\/tr> <tr style=\"height: 48px;\"> <td style=\"width: 459.783px; height: 48px; padding: 5px; border-color: #cccccc; border-style: solid;\"> <strong><a href=\"https:\/\/pqsense.eu\/wp-content\/uploads\/2021\/07\/rmu_2019_12_r3.pdf\" target=\"_blank\" rel=\"noopener\">\u200bProduct Catalog &#8211;\u00a0<br \/>\u200bRing Main Unit Temperature Monitor System<\/a><\/strong> <\/td> <td style=\"width: 191.5px; height: 48px; padding: 5px; border-color: #cccccc; border-style: solid;\"> Ang. <\/td> <td style=\"width: 142.717px; height: 48px; padding: 5px; border-color: #cccccc; border-style: solid;\"> 2019-12-27 <\/td> <\/tr> <tr style=\"height: 48px;\"> <td style=\"width: 459.783px; height: 48px; padding: 5px; border-color: #cccccc; border-style: solid;\"> <strong><a href=\"https:\/\/pqsense.eu\/wp-content\/uploads\/2021\/07\/rfidvssaw_v2.pdf\" target=\"_blank\" rel=\"noopener\">RFID vs. SAW<\/a><\/strong> <\/td> <td style=\"width: 191.5px; height: 48px; padding: 5px; border-color: #cccccc; border-style: solid;\"> Ang. <\/td> <td style=\"width: 142.717px; height: 48px; padding: 5px; border-color: #cccccc; border-style: solid;\"> \u200b\u200b2020-05-01 <\/td> <\/tr> <tr style=\"height: 48px;\"> <td style=\"width: 459.783px; height: 48px; padding: 5px; border-color: #cccccc; border-style: solid;\"> <strong><a href=\"https:\/\/pqsense.eu\/wp-content\/uploads\/2021\/06\/pqsense_reference_eng_20200102.pdf\" target=\"_blank\" rel=\"noopener\">\u200bInstallation Reference List<\/a><\/strong> <\/td> <td style=\"width: 191.5px; height: 48px; padding: 5px; border-color: #cccccc; border-style: solid;\"> Ang. <\/td> <td style=\"width: 142.717px; height: 48px; padding: 5px; border-color: #cccccc; border-style: solid;\"> 2020-05-01 <\/td> <\/tr> <\/tbody> <\/table>\n<h3>Video prezentace<br\/><\/h3>\n<h3>Instalace ovlada\u010de RFID<\/h3>\n<h3>Instalace sensoru<\/h3>\n<h3>Instalace sensoru<\/h3>\n<h3>Instalace ant\u00e9ny<\/h3><!--\/themify_builder_static-->","protected":false},"excerpt":{"rendered":"<p>Dokumenty ke sta\u017een\u00ed N\u00e1zev Jazyk Datum aktualizace Katalog v\u00fdrobk\u016f \u010desky 2021-06-28 Product Catalog &#8211;\u00a0\u200bSwitchgear Temperature Monitor System Ang. 2019-12-27 \u200bProduct Catalog &#8211;\u00a0\u200bRing Main Unit Temperature Monitor System Ang. 2019-12-27 RFID vs. SAW Ang. \u200b\u200b2020-05-01 \u200bInstallation Reference List Ang. 2020-05-01 Video prezentace Instalace ovlada\u010de RFID Instalace sensoru Instalace sensoru Instalace ant\u00e9ny<\/p>\n","protected":false},"author":1,"featured_media":728,"parent":0,"menu_order":0,"comment_status":"closed","ping_status":"closed","template":"","meta":{"footnotes":""},"class_list":["post-838","page","type-page","status-publish","has-post-thumbnail","hentry","has-post-title","has-post-date","has-post-category","has-post-tag","has-post-comment","has-post-author",""],"builder_content":"[gallery link=\"none\" ids=\"376,469,496,415,329\"]\n<h3>Dokumenty ke sta\u017een\u00ed<\/h3> <table style=\"height: 264px; width: 100%; border-style: dotted; border-color: #EEE;\" border=\"1\" cellspacing=\"0\" cellpadding=\"10\"> <thead> <tr style=\"height: 24px; background-color: #d1d1d1;\"> <td style=\"width: 459.783px; height: 24px; padding: 5px; border-color: #cccccc; border-style: solid;\"> <strong>N\u00e1zev<\/strong> <\/td> <td style=\"width: 191.5px; height: 24px; padding: 5px; border-color: #cccccc; border-style: solid;\"> <strong>Jazyk<br \/><\/strong> <\/td> <td style=\"width: 142.717px; height: 24px; padding: 5px; border-color: #cccccc; border-style: solid;\"> <strong>Datum aktualizace<br \/><\/strong> <\/td> <\/tr> <\/thead> <tbody> <tr style=\"height: 48px;\"> <td style=\"width: 459.783px; height: 48px; padding: 5px; border-color: #cccccc; border-style: solid;\"> <strong><a href=\"https:\/\/pqsense.eu\/wp-content\/uploads\/2021\/07\/PQSense-Catalog_2021_06.cz_.pdf\" target=\"_blank\" rel=\"noopener\">Katalog v\u00fdrobk\u016f<\/a><\/strong> <\/td> <td style=\"width: 191.5px; height: 48px; padding: 5px; border-color: #cccccc; border-style: solid;\"> \u010desky <\/td> <td style=\"width: 142.717px; height: 48px; padding: 5px; border-color: #cccccc; border-style: solid;\"> 2021-06-28 <\/td> <\/tr> <tr style=\"height: 48px;\"> <td style=\"width: 459.783px; height: 48px; padding: 5px; border-color: #cccccc; border-style: solid;\"> <strong><a href=\"https:\/\/pqsense.eu\/wp-content\/uploads\/2021\/07\/pqsense_rfid_2017_07_eng_eu.pdf\" target=\"_blank\" rel=\"noopener\">Product Catalog -\u00a0<br \/>\u200bSwitchgear Temperature Monitor System<\/a><\/strong> <\/td> <td style=\"width: 191.5px; height: 48px; padding: 5px; border-color: #cccccc; border-style: solid;\"> Ang. <\/td> <td style=\"width: 142.717px; height: 48px; padding: 5px; border-color: #cccccc; border-style: solid;\"> 2019-12-27 <\/td> <\/tr> <tr style=\"height: 48px;\"> <td style=\"width: 459.783px; height: 48px; padding: 5px; border-color: #cccccc; border-style: solid;\"> <strong><a href=\"https:\/\/pqsense.eu\/wp-content\/uploads\/2021\/07\/rmu_2019_12_r3.pdf\" target=\"_blank\" rel=\"noopener\">\u200bProduct Catalog -\u00a0<br \/>\u200bRing Main Unit Temperature Monitor System<\/a><\/strong> <\/td> <td style=\"width: 191.5px; height: 48px; padding: 5px; border-color: #cccccc; border-style: solid;\"> Ang. <\/td> <td style=\"width: 142.717px; height: 48px; padding: 5px; border-color: #cccccc; border-style: solid;\"> 2019-12-27 <\/td> <\/tr> <tr style=\"height: 48px;\"> <td style=\"width: 459.783px; height: 48px; padding: 5px; border-color: #cccccc; border-style: solid;\"> <strong><a href=\"https:\/\/pqsense.eu\/wp-content\/uploads\/2021\/07\/rfidvssaw_v2.pdf\" target=\"_blank\" rel=\"noopener\">RFID vs. SAW<\/a><\/strong> <\/td> <td style=\"width: 191.5px; height: 48px; padding: 5px; border-color: #cccccc; border-style: solid;\"> Ang. <\/td> <td style=\"width: 142.717px; height: 48px; padding: 5px; border-color: #cccccc; border-style: solid;\"> \u200b\u200b2020-05-01 <\/td> <\/tr> <tr style=\"height: 48px;\"> <td style=\"width: 459.783px; height: 48px; padding: 5px; border-color: #cccccc; border-style: solid;\"> <strong><a href=\"https:\/\/pqsense.eu\/wp-content\/uploads\/2021\/06\/pqsense_reference_eng_20200102.pdf\" target=\"_blank\" rel=\"noopener\">\u200bInstallation Reference List<\/a><\/strong> <\/td> <td style=\"width: 191.5px; height: 48px; padding: 5px; border-color: #cccccc; border-style: solid;\"> Ang. <\/td> <td style=\"width: 142.717px; height: 48px; padding: 5px; border-color: #cccccc; border-style: solid;\"> 2020-05-01 <\/td> <\/tr> <\/tbody> <\/table>\n<h3>Video prezentace<br\/><\/h3>\n<h3>Instalace ovlada\u010de RFID<\/h3>\n<h3>Instalace sensoru<\/h3>\n<h3>Instalace sensoru<\/h3>\n<h3>Instalace ant\u00e9ny<\/h3>","_links":{"self":[{"href":"https:\/\/pqsense.eu\/index.php?rest_route=\/wp\/v2\/pages\/838","targetHints":{"allow":["GET"]}}],"collection":[{"href":"https:\/\/pqsense.eu\/index.php?rest_route=\/wp\/v2\/pages"}],"about":[{"href":"https:\/\/pqsense.eu\/index.php?rest_route=\/wp\/v2\/types\/page"}],"author":[{"embeddable":true,"href":"https:\/\/pqsense.eu\/index.php?rest_route=\/wp\/v2\/users\/1"}],"replies":[{"embeddable":true,"href":"https:\/\/pqsense.eu\/index.php?rest_route=%2Fwp%2Fv2%2Fcomments&post=838"}],"version-history":[{"count":14,"href":"https:\/\/pqsense.eu\/index.php?rest_route=\/wp\/v2\/pages\/838\/revisions"}],"predecessor-version":[{"id":1360,"href":"https:\/\/pqsense.eu\/index.php?rest_route=\/wp\/v2\/pages\/838\/revisions\/1360"}],"wp:featuredmedia":[{"embeddable":true,"href":"https:\/\/pqsense.eu\/index.php?rest_route=\/wp\/v2\/media\/728"}],"wp:attachment":[{"href":"https:\/\/pqsense.eu\/index.php?rest_route=%2Fwp%2Fv2%2Fmedia&parent=838"}],"curies":[{"name":"wp","href":"https:\/\/api.w.org\/{rel}","templated":true}]}}