{"id":828,"date":"2021-06-24T20:50:46","date_gmt":"2021-06-24T18:50:46","guid":{"rendered":"https:\/\/pqsense.pl\/?page_id=828"},"modified":"2025-10-10T12:07:10","modified_gmt":"2025-10-10T10:07:10","slug":"828-2","status":"publish","type":"page","link":"https:\/\/pqsense.eu\/?page_id=828&lang=cs","title":{"rendered":"O n\u00e1s"},"content":{"rendered":"<!-- wp:themify-builder\/canvas \/-->\n\n\n<p><\/p>\n\n\n<!--themify_builder_static--><img loading=\"lazy\" decoding=\"async\" width=\"441\" height=\"249\" src=\"https:\/\/pqsense.eu\/wp-content\/uploads\/2025\/10\/elproma.png\" title=\"elproma\" alt=\"elproma\" srcset=\"https:\/\/pqsense.eu\/wp-content\/uploads\/2025\/10\/elproma.png 441w, https:\/\/pqsense.eu\/wp-content\/uploads\/2025\/10\/elproma-300x169.png 300w\" sizes=\"auto, (max-width: 441px) 100vw, 441px\" \/>\n<p>Technologie PQSense je vyv\u00edjena in\u017een\u00fdry z Tchaj-wanu, USA, \u010c\u00edny a Polska. Pou\u017eit\u00ed technologie RFID pro vzd\u00e1len\u00e9 m\u011b\u0159en\u00ed teploty ve vysokonap\u011b\u0165ov\u00fdch za\u0159\u00edzen\u00edch je oblast, ve kter\u00e9 pracujeme roky. Technologie PQsense se zam\u011b\u0159uje na v\u00fdvoj produkt\u016f pro monitorov\u00e1n\u00ed teploty komponent\u016f distribuce elekt\u0159iny a usiluje o zaveden\u00ed nejlep\u0161\u00edch produkt\u016f pro inteligentn\u00ed s\u00edt\u011b po cel\u00e9m sv\u011bt\u011b. Vyv\u00edj\u00edme inovace v nov\u00fdch technologi\u00edch IoT pou\u017e\u00edvan\u00fdch p\u0159i monitorov\u00e1n\u00ed energetick\u00fdch syst\u00e9m\u016f.<\/p> <p>\u00a0<\/p> <p><strong>Distributor:<\/strong><\/p> <p>Elproma Elektronika Sp. z o.o.<br \/>ul. Du\u0144ska 2A<br \/>05-152 Czosn\u00f3w<br \/>Polsko<br \/>email: pqsense@elpromaelectronics.com<br \/>tel: +48 22 7517680 <\/p><!--\/themify_builder_static-->","protected":false},"excerpt":{"rendered":"<p>Technologie PQSense je vyv\u00edjena in\u017een\u00fdry z Tchaj-wanu, USA, \u010c\u00edny a Polska. Pou\u017eit\u00ed technologie RFID pro vzd\u00e1len\u00e9 m\u011b\u0159en\u00ed teploty ve vysokonap\u011b\u0165ov\u00fdch za\u0159\u00edzen\u00edch je oblast, ve kter\u00e9 pracujeme roky. Technologie PQsense se zam\u011b\u0159uje na v\u00fdvoj produkt\u016f pro monitorov\u00e1n\u00ed teploty komponent\u016f distribuce elekt\u0159iny a usiluje o zaveden\u00ed nejlep\u0161\u00edch produkt\u016f pro inteligentn\u00ed s\u00edt\u011b po cel\u00e9m sv\u011bt\u011b. Vyv\u00edj\u00edme inovace v [&hellip;]<\/p>\n","protected":false},"author":1,"featured_media":0,"parent":0,"menu_order":0,"comment_status":"closed","ping_status":"closed","template":"","meta":{"footnotes":""},"class_list":["post-828","page","type-page","status-publish","hentry","has-post-title","has-post-date","has-post-category","has-post-tag","has-post-comment","has-post-author",""],"builder_content":"<img loading=\"lazy\" decoding=\"async\" width=\"441\" height=\"249\" src=\"https:\/\/pqsense.eu\/wp-content\/uploads\/2025\/10\/elproma.png\" title=\"elproma\" alt=\"elproma\" srcset=\"https:\/\/pqsense.eu\/wp-content\/uploads\/2025\/10\/elproma.png 441w, https:\/\/pqsense.eu\/wp-content\/uploads\/2025\/10\/elproma-300x169.png 300w\" sizes=\"auto, (max-width: 441px) 100vw, 441px\" \/>\n<p>Technologie PQSense je vyv\u00edjena in\u017een\u00fdry z Tchaj-wanu, USA, \u010c\u00edny a Polska. Pou\u017eit\u00ed technologie RFID pro vzd\u00e1len\u00e9 m\u011b\u0159en\u00ed teploty ve vysokonap\u011b\u0165ov\u00fdch za\u0159\u00edzen\u00edch je oblast, ve kter\u00e9 pracujeme roky. Technologie PQsense se zam\u011b\u0159uje na v\u00fdvoj produkt\u016f pro monitorov\u00e1n\u00ed teploty komponent\u016f distribuce elekt\u0159iny a usiluje o zaveden\u00ed nejlep\u0161\u00edch produkt\u016f pro inteligentn\u00ed s\u00edt\u011b po cel\u00e9m sv\u011bt\u011b. Vyv\u00edj\u00edme inovace v nov\u00fdch technologi\u00edch IoT pou\u017e\u00edvan\u00fdch p\u0159i monitorov\u00e1n\u00ed energetick\u00fdch syst\u00e9m\u016f.<\/p> <p>\u00a0<\/p> <p><strong>Distributor:<\/strong><\/p> <p>Elproma Elektronika Sp. z o.o.<br \/>ul. Du\u0144ska 2A<br \/>05-152 Czosn\u00f3w<br \/>Polsko<br \/>email: pqsense@elpromaelectronics.com<br \/>tel: +48 22 7517680 <\/p>","_links":{"self":[{"href":"https:\/\/pqsense.eu\/index.php?rest_route=\/wp\/v2\/pages\/828","targetHints":{"allow":["GET"]}}],"collection":[{"href":"https:\/\/pqsense.eu\/index.php?rest_route=\/wp\/v2\/pages"}],"about":[{"href":"https:\/\/pqsense.eu\/index.php?rest_route=\/wp\/v2\/types\/page"}],"author":[{"embeddable":true,"href":"https:\/\/pqsense.eu\/index.php?rest_route=\/wp\/v2\/users\/1"}],"replies":[{"embeddable":true,"href":"https:\/\/pqsense.eu\/index.php?rest_route=%2Fwp%2Fv2%2Fcomments&post=828"}],"version-history":[{"count":3,"href":"https:\/\/pqsense.eu\/index.php?rest_route=\/wp\/v2\/pages\/828\/revisions"}],"predecessor-version":[{"id":1245,"href":"https:\/\/pqsense.eu\/index.php?rest_route=\/wp\/v2\/pages\/828\/revisions\/1245"}],"wp:attachment":[{"href":"https:\/\/pqsense.eu\/index.php?rest_route=%2Fwp%2Fv2%2Fmedia&parent=828"}],"curies":[{"name":"wp","href":"https:\/\/api.w.org\/{rel}","templated":true}]}}