{"id":486,"date":"2021-06-21T18:01:20","date_gmt":"2021-06-21T16:01:20","guid":{"rendered":"https:\/\/pqsense.pl\/?page_id=486"},"modified":"2021-07-21T14:19:32","modified_gmt":"2021-07-21T12:19:32","slug":"anteny-2","status":"publish","type":"page","link":"https:\/\/pqsense.eu\/?page_id=486","title":{"rendered":"Anteny"},"content":{"rendered":"<!-- wp:themify-builder\/canvas \/-->\n\n<!-- wp:themify-builder\/canvas \/--><!--themify_builder_static--><div id='gallery-1' class='gallery galleryid-486 gallery-columns-4 gallery-size-medium'><figure class='gallery-item'>\n\t\t\t<div class='gallery-icon landscape'>\n\t\t\t\t<a href='https:\/\/pqsense.eu\/?attachment_id=503'><img loading=\"lazy\" decoding=\"async\" width=\"300\" height=\"300\" src=\"https:\/\/pqsense.eu\/wp-content\/uploads\/2021\/06\/antenna1_1-300x300.jpg\" class=\"attachment-medium size-medium\" alt=\"\" aria-describedby=\"gallery-1-503\" srcset=\"https:\/\/pqsense.eu\/wp-content\/uploads\/2021\/06\/antenna1_1-300x300.jpg 300w, https:\/\/pqsense.eu\/wp-content\/uploads\/2021\/06\/antenna1_1-150x150.jpg 150w, https:\/\/pqsense.eu\/wp-content\/uploads\/2021\/06\/antenna1_1-768x768.jpg 768w, https:\/\/pqsense.eu\/wp-content\/uploads\/2021\/06\/antenna1_1-350x350.jpg 350w, https:\/\/pqsense.eu\/wp-content\/uploads\/2021\/06\/antenna1_1.jpg 800w\" sizes=\"auto, (max-width: 300px) 100vw, 300px\" \/><\/a>\n\t\t\t<\/div>\n\t\t\t\t<figcaption class='wp-caption-text gallery-caption' id='gallery-1-503'>\n\t\t\t\tPQS-AN-11\n\t\t\t\t<\/figcaption><\/figure><figure class='gallery-item'>\n\t\t\t<div class='gallery-icon landscape'>\n\t\t\t\t<a href='https:\/\/pqsense.eu\/?attachment_id=763'><img loading=\"lazy\" decoding=\"async\" width=\"300\" height=\"300\" src=\"https:\/\/pqsense.eu\/wp-content\/uploads\/2021\/06\/Antenna3-1-300x300.jpg\" class=\"attachment-medium size-medium\" alt=\"\" aria-describedby=\"gallery-1-763\" srcset=\"https:\/\/pqsense.eu\/wp-content\/uploads\/2021\/06\/Antenna3-1-300x300.jpg 300w, https:\/\/pqsense.eu\/wp-content\/uploads\/2021\/06\/Antenna3-1-150x150.jpg 150w, https:\/\/pqsense.eu\/wp-content\/uploads\/2021\/06\/Antenna3-1-768x768.jpg 768w, https:\/\/pqsense.eu\/wp-content\/uploads\/2021\/06\/Antenna3-1-300x300-350x350.jpg 350w, https:\/\/pqsense.eu\/wp-content\/uploads\/2021\/06\/Antenna3-1.jpg 800w\" sizes=\"auto, (max-width: 300px) 100vw, 300px\" \/><\/a>\n\t\t\t<\/div>\n\t\t\t\t<figcaption class='wp-caption-text gallery-caption' id='gallery-1-763'>\n\t\t\t\tPQS-AN-11\n\t\t\t\t<\/figcaption><\/figure><figure class='gallery-item'>\n\t\t\t<div class='gallery-icon landscape'>\n\t\t\t\t<a href='https:\/\/pqsense.eu\/?attachment_id=490'><img loading=\"lazy\" decoding=\"async\" width=\"300\" height=\"300\" src=\"https:\/\/pqsense.eu\/wp-content\/uploads\/2021\/06\/25x25-1-300x300.jpg\" class=\"attachment-medium size-medium\" alt=\"\" aria-describedby=\"gallery-1-490\" srcset=\"https:\/\/pqsense.eu\/wp-content\/uploads\/2021\/06\/25x25-1-300x300.jpg 300w, https:\/\/pqsense.eu\/wp-content\/uploads\/2021\/06\/25x25-1-150x150.jpg 150w, https:\/\/pqsense.eu\/wp-content\/uploads\/2021\/06\/25x25-1-768x768.jpg 768w, https:\/\/pqsense.eu\/wp-content\/uploads\/2021\/06\/25x25-1-350x350.jpg 350w, https:\/\/pqsense.eu\/wp-content\/uploads\/2021\/06\/25x25-1.jpg 800w\" sizes=\"auto, (max-width: 300px) 100vw, 300px\" \/><\/a>\n\t\t\t<\/div>\n\t\t\t\t<figcaption class='wp-caption-text gallery-caption' id='gallery-1-490'>\n\t\t\t\tPQS-AN-25W25\n\t\t\t\t<\/figcaption><\/figure><figure class='gallery-item'>\n\t\t\t<div class='gallery-icon landscape'>\n\t\t\t\t<a href='https:\/\/pqsense.eu\/?attachment_id=491'><img loading=\"lazy\" decoding=\"async\" width=\"300\" height=\"300\" src=\"https:\/\/pqsense.eu\/wp-content\/uploads\/2021\/06\/25x25-2-300x300.jpg\" class=\"attachment-medium size-medium\" alt=\"\" aria-describedby=\"gallery-1-491\" srcset=\"https:\/\/pqsense.eu\/wp-content\/uploads\/2021\/06\/25x25-2-300x300.jpg 300w, https:\/\/pqsense.eu\/wp-content\/uploads\/2021\/06\/25x25-2-150x150.jpg 150w, https:\/\/pqsense.eu\/wp-content\/uploads\/2021\/06\/25x25-2-768x768.jpg 768w, https:\/\/pqsense.eu\/wp-content\/uploads\/2021\/06\/25x25-2-350x350.jpg 350w, https:\/\/pqsense.eu\/wp-content\/uploads\/2021\/06\/25x25-2.jpg 800w\" sizes=\"auto, (max-width: 300px) 100vw, 300px\" \/><\/a>\n\t\t\t<\/div>\n\t\t\t\t<figcaption class='wp-caption-text gallery-caption' id='gallery-1-491'>\n\t\t\t\tPQS-AN-25W25\n\t\t\t\t<\/figcaption><\/figure>\n\t\t<\/div>\n\n<table style=\"width: 100%; border-style: dotted; border-color: #cccccc; height: 192px;\" border=\"1px\" cellspacing=\"0\" cellpadding=\"10\"> <tbody> <tr style=\"border: 1px solid #cccccc;\"> <td style=\"vertical-align: top; border-style: dotted; border-color: #cccccc; padding: 5px; width: 12.439%; text-align: right; background-color: #eeeeee; height: 24px;\"> <strong>Kod produktu<br \/><\/strong> <\/td> <td style=\"width: 10.3659%; border-style: dotted; border-color: #cccccc; padding: 5px; text-align: right; height: 24px;\"> <strong>PQS-AN-11<\/strong> <\/td> <td style=\"width: 15.122%; border-style: dotted; border-color: #cccccc; padding: 5px; text-align: right; height: 24px;\"> <strong>PQS-AN-25W25<\/strong> <\/td> <\/tr> <tr style=\"height: 24px;\"> <td style=\"width: 12.439%; border-style: dotted; border-color: #cccccc; padding: 5px; text-align: right; background-color: #eeeeee; height: 24px;\"> <strong>Typ instalacji<\/strong> <\/td> <td style=\"width: 10.3659%; border-style: dotted; border-color: #cccccc; padding: 5px; height: 24px;\">Magnetyczny lub na \u015bruby<\/td> <td style=\"width: 15.122%; border-style: dotted; border-color: #cccccc; padding: 5px; height: 24px;\"> Magnetyczny lub na \u015bruby <\/td> <\/tr> <tr style=\"height: 24px;\"> <td style=\"width: 12.439%; border-style: dotted; border-color: #cccccc; padding: 5px; text-align: right; background-color: #eeeeee; height: 24px;\"> <strong>Wymiary<\/strong> <\/td> <td style=\"width: 10.3659%; border-style: dotted; border-color: #cccccc; padding: 5px; height: 24px;\"> 142 x 106 x 15 mm <\/td> <td style=\"width: 15.122%; border-style: dotted; border-color: #cccccc; padding: 5px; height: 24px;\"> 260 x 260 x 40 mm <\/td> <\/tr> <tr style=\"height: 48px;\"> <td style=\"width: 12.439%; border-style: dotted; border-color: #cccccc; padding: 5px; text-align: right; background-color: #eeeeee; height: 48px;\"> <strong>Polaryzacja<br \/><\/strong> <\/td> <td style=\"width: 10.3659%; border-style: dotted; border-color: #cccccc; padding: 5px; height: 48px;\"> Ko\u0142owa<br \/> <\/td> <td style=\"width: 15.122%; border-style: dotted; border-color: #cccccc; padding: 5px; height: 48px;\"> Ko\u0142owa <\/td> <\/tr> <tr style=\"height: 48px;\"> <td style=\"width: 12.439%; border-style: dotted; border-color: #cccccc; padding: 5px; text-align: right; background-color: #eeeeee; height: 48px;\"> <strong>Z\u0142\u0105cze<br \/><\/strong> <\/td> <td style=\"width: 10.3659%; border-style: dotted; border-color: #cccccc; padding: 5px; height: 48px;\"> SMA m\u0119skie<br \/> <\/td> <td style=\"width: 15.122%; border-style: dotted; border-color: #cccccc; padding: 5px; height: 48px;\"> SMA m\u0119skie <\/td> <\/tr> <tr style=\"height: 24px;\"> <td style=\"width: 12.439%; border-style: dotted; border-color: #cccccc; padding: 5px; text-align: right; background-color: #eeeeee; height: 24px;\"> <strong>Temperatura pracy<br \/><\/strong> <\/td> <td style=\"width: 10.3659%; border-style: dotted; border-color: #cccccc; padding: 5px; height: 24px;\"> \u200b-20\u00a0to 85\u2103 <\/td> <td style=\"width: 15.122%; border-style: dotted; border-color: #cccccc; padding: 5px; height: 24px;\"> \u200b-20\u00a0to 85\u2103 <\/td> <\/tr> <\/tbody> <\/table><!--\/themify_builder_static-->","protected":false},"excerpt":{"rendered":"<p>Kod produktu PQS-AN-11 PQS-AN-25W25 Typ instalacji Magnetyczny lub na \u015bruby Magnetyczny lub na \u015bruby Wymiary 142 x 106 x 15 mm 260 x 260 x 40 mm Polaryzacja Ko\u0142owa Ko\u0142owa Z\u0142\u0105cze SMA m\u0119skie SMA m\u0119skie Temperatura pracy \u200b-20\u00a0to 85\u2103 \u200b-20\u00a0to 85\u2103<\/p>\n","protected":false},"author":1,"featured_media":0,"parent":475,"menu_order":0,"comment_status":"closed","ping_status":"closed","template":"","meta":{"footnotes":""},"class_list":["post-486","page","type-page","status-publish","hentry","has-post-title","has-post-date","has-post-category","has-post-tag","has-post-comment","has-post-author",""],"builder_content":"[gallery size=\"medium\" columns=\"4\" ids=\"503,763,490,491\"]\n<table style=\"width: 100%; border-style: dotted; border-color: #cccccc; height: 192px;\" border=\"1px\" cellspacing=\"0\" cellpadding=\"10\"> <tbody> <tr style=\"border: 1px solid #cccccc;\"> <td style=\"vertical-align: top; border-style: dotted; border-color: #cccccc; padding: 5px; width: 12.439%; text-align: right; background-color: #eeeeee; height: 24px;\"> <strong>Kod produktu<br \/><\/strong> <\/td> <td style=\"width: 10.3659%; border-style: dotted; border-color: #cccccc; padding: 5px; text-align: right; height: 24px;\"> <strong>PQS-AN-11<\/strong> <\/td> <td style=\"width: 15.122%; border-style: dotted; border-color: #cccccc; padding: 5px; text-align: right; height: 24px;\"> <strong>PQS-AN-25W25<\/strong> <\/td> <\/tr> <tr style=\"height: 24px;\"> <td style=\"width: 12.439%; border-style: dotted; border-color: #cccccc; padding: 5px; text-align: right; background-color: #eeeeee; height: 24px;\"> <strong>Typ instalacji<\/strong> <\/td> <td style=\"width: 10.3659%; border-style: dotted; border-color: #cccccc; padding: 5px; height: 24px;\">Magnetyczny lub na \u015bruby<\/td> <td style=\"width: 15.122%; border-style: dotted; border-color: #cccccc; padding: 5px; height: 24px;\"> Magnetyczny lub na \u015bruby <\/td> <\/tr> <tr style=\"height: 24px;\"> <td style=\"width: 12.439%; border-style: dotted; border-color: #cccccc; padding: 5px; text-align: right; background-color: #eeeeee; height: 24px;\"> <strong>Wymiary<\/strong> <\/td> <td style=\"width: 10.3659%; border-style: dotted; border-color: #cccccc; padding: 5px; height: 24px;\"> 142 x 106 x 15 mm <\/td> <td style=\"width: 15.122%; border-style: dotted; border-color: #cccccc; padding: 5px; height: 24px;\"> 260 x 260 x 40 mm <\/td> <\/tr> <tr style=\"height: 48px;\"> <td style=\"width: 12.439%; border-style: dotted; border-color: #cccccc; padding: 5px; text-align: right; background-color: #eeeeee; height: 48px;\"> <strong>Polaryzacja<br \/><\/strong> <\/td> <td style=\"width: 10.3659%; border-style: dotted; border-color: #cccccc; padding: 5px; height: 48px;\"> Ko\u0142owa<br \/> <\/td> <td style=\"width: 15.122%; border-style: dotted; border-color: #cccccc; padding: 5px; height: 48px;\"> Ko\u0142owa <\/td> <\/tr> <tr style=\"height: 48px;\"> <td style=\"width: 12.439%; border-style: dotted; border-color: #cccccc; padding: 5px; text-align: right; background-color: #eeeeee; height: 48px;\"> <strong>Z\u0142\u0105cze<br \/><\/strong> <\/td> <td style=\"width: 10.3659%; border-style: dotted; border-color: #cccccc; padding: 5px; height: 48px;\"> SMA m\u0119skie<br \/> <\/td> <td style=\"width: 15.122%; border-style: dotted; border-color: #cccccc; padding: 5px; height: 48px;\"> SMA m\u0119skie <\/td> <\/tr> <tr style=\"height: 24px;\"> <td style=\"width: 12.439%; border-style: dotted; border-color: #cccccc; padding: 5px; text-align: right; background-color: #eeeeee; height: 24px;\"> <strong>Temperatura pracy<br \/><\/strong> <\/td> <td style=\"width: 10.3659%; border-style: dotted; border-color: #cccccc; padding: 5px; height: 24px;\"> \u200b-20\u00a0to 85\u2103 <\/td> <td style=\"width: 15.122%; border-style: dotted; border-color: #cccccc; padding: 5px; height: 24px;\"> \u200b-20\u00a0to 85\u2103 <\/td> <\/tr> <\/tbody> <\/table>","_links":{"self":[{"href":"https:\/\/pqsense.eu\/index.php?rest_route=\/wp\/v2\/pages\/486","targetHints":{"allow":["GET"]}}],"collection":[{"href":"https:\/\/pqsense.eu\/index.php?rest_route=\/wp\/v2\/pages"}],"about":[{"href":"https:\/\/pqsense.eu\/index.php?rest_route=\/wp\/v2\/types\/page"}],"author":[{"embeddable":true,"href":"https:\/\/pqsense.eu\/index.php?rest_route=\/wp\/v2\/users\/1"}],"replies":[{"embeddable":true,"href":"https:\/\/pqsense.eu\/index.php?rest_route=%2Fwp%2Fv2%2Fcomments&post=486"}],"version-history":[{"count":17,"href":"https:\/\/pqsense.eu\/index.php?rest_route=\/wp\/v2\/pages\/486\/revisions"}],"predecessor-version":[{"id":968,"href":"https:\/\/pqsense.eu\/index.php?rest_route=\/wp\/v2\/pages\/486\/revisions\/968"}],"up":[{"embeddable":true,"href":"https:\/\/pqsense.eu\/index.php?rest_route=\/wp\/v2\/pages\/475"}],"wp:attachment":[{"href":"https:\/\/pqsense.eu\/index.php?rest_route=%2Fwp%2Fv2%2Fmedia&parent=486"}],"curies":[{"name":"wp","href":"https:\/\/api.w.org\/{rel}","templated":true}]}}