{"id":219,"date":"2021-06-18T23:53:15","date_gmt":"2021-06-18T21:53:15","guid":{"rendered":"https:\/\/pqsense.pl\/?page_id=219"},"modified":"2025-10-10T12:07:31","modified_gmt":"2025-10-10T10:07:31","slug":"o-firmie","status":"publish","type":"page","link":"https:\/\/pqsense.eu\/?page_id=219","title":{"rendered":"O firmie"},"content":{"rendered":"<!-- wp:themify-builder\/canvas \/-->\n\n\n<p><\/p>\n\n\n<!--themify_builder_static--><img loading=\"lazy\" decoding=\"async\" width=\"441\" height=\"249\" src=\"https:\/\/pqsense.eu\/wp-content\/uploads\/2025\/10\/elproma.png\" title=\"elproma\" alt=\"elproma\" srcset=\"https:\/\/pqsense.eu\/wp-content\/uploads\/2025\/10\/elproma.png 441w, https:\/\/pqsense.eu\/wp-content\/uploads\/2025\/10\/elproma-300x169.png 300w\" sizes=\"auto, (max-width: 441px) 100vw, 441px\" \/>\n<p>Technologia PQSense jest rozwijana przez in\u017cynier\u00f3w z Tajwanu, USA, Chin i Polski. Zastosowanie technologii RFID do zdalnego pomiaru temperatury w urz\u0105dzeniach wysokonapi\u0119ciowych jest obszarem w kt\u00f3rym pracujemy ju\u017c od lat. PQsense Technology koncentruje si\u0119 na opracowywaniu produkt\u00f3w do monitorowania temperatury element\u00f3w dystrybucji energii elektrycznej, d\u0105\u017c\u0105c do wprowadzenia najlepszych produkt\u00f3w dla inteligentnych sieci energetycznych na ca\u0142ym \u015bwiecie. Rozwijamy innowacje w nowych technologiach IoT stosowanych w monitorowaniu system\u00f3w energetycznych.<\/p> <p>\u00a0<\/p> <p><strong>Dystrybutor w Polsce:<\/strong><\/p> <p>Elproma Elektronika Sp. z o.o.<br \/>ul. Du\u0144ska 2A<br \/>05-152 Czosn\u00f3w<br \/>email: <a href=\"mailto:pqsense@elpromaelectronics.com\">pqsense@elpromaelectronics.com<\/a><br \/>tel: +48 22 7517680<\/p><!--\/themify_builder_static-->","protected":false},"excerpt":{"rendered":"<p>Technologia PQSense jest rozwijana przez in\u017cynier\u00f3w z Tajwanu, USA, Chin i Polski. Zastosowanie technologii RFID do zdalnego pomiaru temperatury w urz\u0105dzeniach wysokonapi\u0119ciowych jest obszarem w kt\u00f3rym pracujemy ju\u017c od lat. PQsense Technology koncentruje si\u0119 na opracowywaniu produkt\u00f3w do monitorowania temperatury element\u00f3w dystrybucji energii elektrycznej, d\u0105\u017c\u0105c do wprowadzenia najlepszych produkt\u00f3w dla inteligentnych sieci energetycznych na ca\u0142ym [&hellip;]<\/p>\n","protected":false},"author":1,"featured_media":0,"parent":0,"menu_order":0,"comment_status":"closed","ping_status":"closed","template":"","meta":{"footnotes":""},"class_list":["post-219","page","type-page","status-publish","hentry","has-post-title","has-post-date","has-post-category","has-post-tag","has-post-comment","has-post-author",""],"builder_content":"<img loading=\"lazy\" decoding=\"async\" width=\"441\" height=\"249\" src=\"https:\/\/pqsense.eu\/wp-content\/uploads\/2025\/10\/elproma.png\" title=\"elproma\" alt=\"elproma\" srcset=\"https:\/\/pqsense.eu\/wp-content\/uploads\/2025\/10\/elproma.png 441w, https:\/\/pqsense.eu\/wp-content\/uploads\/2025\/10\/elproma-300x169.png 300w\" sizes=\"auto, (max-width: 441px) 100vw, 441px\" \/>\n<p>Technologia PQSense jest rozwijana przez in\u017cynier\u00f3w z Tajwanu, USA, Chin i Polski. Zastosowanie technologii RFID do zdalnego pomiaru temperatury w urz\u0105dzeniach wysokonapi\u0119ciowych jest obszarem w kt\u00f3rym pracujemy ju\u017c od lat. PQsense Technology koncentruje si\u0119 na opracowywaniu produkt\u00f3w do monitorowania temperatury element\u00f3w dystrybucji energii elektrycznej, d\u0105\u017c\u0105c do wprowadzenia najlepszych produkt\u00f3w dla inteligentnych sieci energetycznych na ca\u0142ym \u015bwiecie. Rozwijamy innowacje w nowych technologiach IoT stosowanych w monitorowaniu system\u00f3w energetycznych.<\/p> <p>\u00a0<\/p> <p><strong>Dystrybutor w Polsce:<\/strong><\/p> <p>Elproma Elektronika Sp. z o.o.<br \/>ul. Du\u0144ska 2A<br \/>05-152 Czosn\u00f3w<br \/>email: <a href=\"mailto:pqsense@elpromaelectronics.com\">pqsense@elpromaelectronics.com<\/a><br \/>tel: +48 22 7517680<\/p>","_links":{"self":[{"href":"https:\/\/pqsense.eu\/index.php?rest_route=\/wp\/v2\/pages\/219","targetHints":{"allow":["GET"]}}],"collection":[{"href":"https:\/\/pqsense.eu\/index.php?rest_route=\/wp\/v2\/pages"}],"about":[{"href":"https:\/\/pqsense.eu\/index.php?rest_route=\/wp\/v2\/types\/page"}],"author":[{"embeddable":true,"href":"https:\/\/pqsense.eu\/index.php?rest_route=\/wp\/v2\/users\/1"}],"replies":[{"embeddable":true,"href":"https:\/\/pqsense.eu\/index.php?rest_route=%2Fwp%2Fv2%2Fcomments&post=219"}],"version-history":[{"count":17,"href":"https:\/\/pqsense.eu\/index.php?rest_route=\/wp\/v2\/pages\/219\/revisions"}],"predecessor-version":[{"id":1246,"href":"https:\/\/pqsense.eu\/index.php?rest_route=\/wp\/v2\/pages\/219\/revisions\/1246"}],"wp:attachment":[{"href":"https:\/\/pqsense.eu\/index.php?rest_route=%2Fwp%2Fv2%2Fmedia&parent=219"}],"curies":[{"name":"wp","href":"https:\/\/api.w.org\/{rel}","templated":true}]}}